{"id":80,"date":"2014-06-02T19:24:36","date_gmt":"2014-06-02T19:24:36","guid":{"rendered":"http:\/\/meincello.de\/?page_id=80"},"modified":"2018-01-21T09:15:27","modified_gmt":"2018-01-21T09:15:27","slug":"angebot-2","status":"publish","type":"page","link":"https:\/\/meincello.de\/?page_id=80","title":{"rendered":"Unterricht"},"content":{"rendered":"<p><strong>Das Wichtigste ist, dass jeder ein Mensch ist, der Musik liebt. Und das geniesst.<\/strong><\/p>\n<p style=\"text-align: left;\"><strong><a href=\"https:\/\/meincello.de\/wp-content\/uploads\/2014\/07\/Lena-mit-Kindern-3g-rund.jpg\"><img loading=\"lazy\" decoding=\"async\" class=\"alignnone size-medium wp-image-189\" src=\"https:\/\/meincello.de\/wp-content\/uploads\/2014\/07\/Lena-mit-Kindern-3g-rund-268x300.jpg\" alt=\"Lena mit Kindern 3g rund\" width=\"268\" height=\"300\" srcset=\"https:\/\/meincello.de\/wp-content\/uploads\/2014\/07\/Lena-mit-Kindern-3g-rund-268x300.jpg 268w, https:\/\/meincello.de\/wp-content\/uploads\/2014\/07\/Lena-mit-Kindern-3g-rund-916x1024.jpg 916w\" sizes=\"auto, (max-width: 268px) 100vw, 268px\" \/><\/a><\/strong><\/p>\n<p style=\"text-align: left;\"><strong>Mit Olenas abwechslungsreicher Methodik bringt jede Unterrichtsstunde viel Freude. An erster Stelle stehen die Gef\u00fchle und die Praxis. Zur Abrundung wird viel Theorie locker nebenbei vermittelt.<\/strong><\/p>\n<p style=\"text-align: left;\"><strong>Olenas Ausbildung sowie Werdegang sind mit langj\u00e4hriger Ausdauer und Intensit\u00e4t verbunden. Die Belohnung war stets ein gelungenes Konzert.<\/strong><\/p>\n<p style=\"text-align: left;\"><strong>Nun selbst in der Position der Lehrenden ist sie sich dessen bewusst. S<strong>ie ist offen f\u00fcr alle Menschen, denen der Klang des Cellos sehr gef\u00e4llt. Sie unterst\u00fctzt jeden, der es einfach mal probieren m\u00f6chte. <\/strong>Es gibt viel Raum f\u00fcr Freiheit.<br \/>\n<\/strong><\/p>\n<p style=\"text-align: left;\"><strong>Diese Kennenlernphase ist sehr wichtig. Jeder bildet Vertrauen. Im zweiten Schritt wird der Unterricht genau an die W\u00fcnsche und M\u00f6glichkeiten der Sch\u00fcler angepasst.<\/strong><\/p>\n<p style=\"text-align: left;\"><strong>Cello-Unterricht im Rheinmaingebiet. Frankfurt am Main, Maintaunuskreis.<\/strong><\/p>\n<p><strong>Einzelunterricht sowie in der Gruppe.<\/strong><br \/>\n<strong> Im Unterrichtssaal in Bad Soden am Taunus.<\/strong><br \/>\n<strong> Die richtige K\u00f6rperhaltung sowie Bogenf\u00fchrung.<\/strong><br \/>\n<strong> Der Unterricht wird auf Ihre W\u00fcnsche abgestimmt.<\/strong><br \/>\n<strong> Kinder ab 6 Jahren sind besonders willkommen.<\/strong><br \/>\n<strong> Preise nach Absprache.<\/strong><\/p>\n<p>Ein wohlklingendes Cello, was wirklich Freude bereitet, gibt es ab ca. 25\u20ac\/Monat.<br \/>\n<a href=\"http:\/\/www.jacobi-geigenbau.de\/service\/verleih.html\">http:\/\/www.jacobi-geigenbau.de\/service\/verleih.html<\/a><\/p>\n","protected":false},"excerpt":{"rendered":"<p>Das Wichtigste ist, dass jeder ein Mensch ist, der Musik liebt. Und das geniesst. Mit Olenas abwechslungsreicher Methodik bringt jede Unterrichtsstunde viel Freude. An erster Stelle stehen die Gef\u00fchle und die Praxis. Zur Abrundung wird viel Theorie locker nebenbei vermittelt. Olenas Ausbildung sowie Werdegang sind mit langj\u00e4hriger Ausdauer und Intensit\u00e4t verbunden. Die Belohnung war stets &hellip; <a href=\"https:\/\/meincello.de\/?page_id=80\" class=\"more-link\"><span class=\"screen-reader-text\">Unterricht<\/span> weiterlesen <span class=\"meta-nav\">&rarr;<\/span><\/a><\/p>\n","protected":false},"author":1,"featured_media":0,"parent":0,"menu_order":0,"comment_status":"closed","ping_status":"open","template":"","meta":{"footnotes":""},"class_list":["post-80","page","type-page","status-publish","hentry"],"_links":{"self":[{"href":"https:\/\/meincello.de\/index.php?rest_route=\/wp\/v2\/pages\/80","targetHints":{"allow":["GET"]}}],"collection":[{"href":"https:\/\/meincello.de\/index.php?rest_route=\/wp\/v2\/pages"}],"about":[{"href":"https:\/\/meincello.de\/index.php?rest_route=\/wp\/v2\/types\/page"}],"author":[{"embeddable":true,"href":"https:\/\/meincello.de\/index.php?rest_route=\/wp\/v2\/users\/1"}],"replies":[{"embeddable":true,"href":"https:\/\/meincello.de\/index.php?rest_route=%2Fwp%2Fv2%2Fcomments&post=80"}],"version-history":[{"count":13,"href":"https:\/\/meincello.de\/index.php?rest_route=\/wp\/v2\/pages\/80\/revisions"}],"predecessor-version":[{"id":311,"href":"https:\/\/meincello.de\/index.php?rest_route=\/wp\/v2\/pages\/80\/revisions\/311"}],"wp:attachment":[{"href":"https:\/\/meincello.de\/index.php?rest_route=%2Fwp%2Fv2%2Fmedia&parent=80"}],"curies":[{"name":"wp","href":"https:\/\/api.w.org\/{rel}","templated":true}]}}