{"id":77,"date":"2014-06-02T19:22:10","date_gmt":"2014-06-02T19:22:10","guid":{"rendered":"http:\/\/meincello.de\/?page_id=77"},"modified":"2018-05-23T19:19:25","modified_gmt":"2018-05-23T19:19:25","slug":"willkommen-2","status":"publish","type":"page","link":"https:\/\/meincello.de\/","title":{"rendered":"Willkommen"},"content":{"rendered":"<p style=\"text-align: left;\"><a href=\"https:\/\/meincello.de\/wp-content\/uploads\/2014\/07\/Sch\u00fclerkonzert.jpg\"><img loading=\"lazy\" decoding=\"async\" class=\"alignnone size-medium wp-image-184\" src=\"https:\/\/meincello.de\/wp-content\/uploads\/2014\/07\/Sch\u00fclerkonzert.jpg\" alt=\"Sch\u00fclerkonzert\" width=\"1\" height=\"1\" \/><\/a><a href=\"https:\/\/meincello.de\/wp-content\/uploads\/2014\/07\/Sch\u00fclerkonzert-50.jpg\"><img loading=\"lazy\" decoding=\"async\" class=\"alignnone size-medium wp-image-183\" src=\"https:\/\/meincello.de\/wp-content\/uploads\/2014\/07\/Sch\u00fclerkonzert-50-300x200.jpg\" alt=\"Sch\u00fclerkonzert 50\" width=\"300\" height=\"200\" srcset=\"https:\/\/meincello.de\/wp-content\/uploads\/2014\/07\/Sch\u00fclerkonzert-50-300x200.jpg 300w, https:\/\/meincello.de\/wp-content\/uploads\/2014\/07\/Sch\u00fclerkonzert-50-1024x682.jpg 1024w\" sizes=\"auto, (max-width: 300px) 100vw, 300px\" \/><\/a><a href=\"https:\/\/meincello.de\/wp-content\/uploads\/2014\/10\/Lena-Flyer-Leidner-rund.png\"><img loading=\"lazy\" decoding=\"async\" class=\"alignright wp-image-227 size-medium\" src=\"https:\/\/meincello.de\/wp-content\/uploads\/2014\/10\/Lena-Flyer-Leidner-rund-196x300.png\" alt=\"Lena Flyer Leidner rund\" width=\"196\" height=\"300\" srcset=\"https:\/\/meincello.de\/wp-content\/uploads\/2014\/10\/Lena-Flyer-Leidner-rund-196x300.png 196w, https:\/\/meincello.de\/wp-content\/uploads\/2014\/10\/Lena-Flyer-Leidner-rund.png 532w\" sizes=\"auto, (max-width: 196px) 100vw, 196px\" \/><\/a><\/p>\n<p>&nbsp;<\/p>\n<p style=\"text-align: left;\"><strong>Im Alter von 7 Jahren lernte Olena Voznyuk-Wei\u00dfbrodt ihr Cello kennen. Von da an machten sie alles gemeinsam. Ausbildung. Studium. Konzerte. Tourneen.<\/strong><\/p>\n<p style=\"text-align: left;\"><strong>Jetzt sind sie ein eingeschworenes Team zum Weitergeben ihrer Erfahrungen.<\/strong><\/p>\n<p style=\"text-align: left;\"><strong>Erleben Sie Ihr Instrument voller Freude<\/strong><\/p>\n<p style=\"text-align: left;\"><strong>Genie\u00dfen Sie eine entspannte Atmosph\u00e4re im Unterricht<\/strong><\/p>\n<p style=\"text-align: left;\"><strong>Lernen Sie weiter mit viel Abwechslung <\/strong><\/p>\n<p style=\"text-align: left;\"><strong>Vereinbaren Sie einen Termin zum Kennenlernen mit Olena Voznyuk-Wei\u00dfbrodt!<\/strong><\/p>\n<p><iframe loading=\"lazy\" title=\"Oxana Grebneva Piano - Olena Voznyuk-Wei\u00dfbrodt Cello -  Humoresque - Anton\u00edn Dvo\u0159\u00e1k\" width=\"604\" height=\"340\" src=\"https:\/\/www.youtube.com\/embed\/1WYt8t8WJrs?feature=oembed\" frameborder=\"0\" allow=\"accelerometer; autoplay; clipboard-write; encrypted-media; gyroscope; picture-in-picture; web-share\" referrerpolicy=\"strict-origin-when-cross-origin\" allowfullscreen><\/iframe><\/p>\n<p>&nbsp;<\/p>\n<p>&nbsp;<\/p>\n<p><a href=\"https:\/\/meincello.de\/?page_id=12\">DATENSCHUTZ<\/a><\/p>\n","protected":false},"excerpt":{"rendered":"<p>&nbsp; Im Alter von 7 Jahren lernte Olena Voznyuk-Wei\u00dfbrodt ihr Cello kennen. Von da an machten sie alles gemeinsam. Ausbildung. Studium. Konzerte. Tourneen. Jetzt sind sie ein eingeschworenes Team zum Weitergeben ihrer Erfahrungen. Erleben Sie Ihr Instrument voller Freude Genie\u00dfen Sie eine entspannte Atmosph\u00e4re im Unterricht Lernen Sie weiter mit viel Abwechslung Vereinbaren Sie einen &hellip; <a href=\"https:\/\/meincello.de\/\" class=\"more-link\"><span class=\"screen-reader-text\">Willkommen<\/span> weiterlesen <span class=\"meta-nav\">&rarr;<\/span><\/a><\/p>\n","protected":false},"author":1,"featured_media":0,"parent":0,"menu_order":0,"comment_status":"closed","ping_status":"open","template":"","meta":{"footnotes":""},"class_list":["post-77","page","type-page","status-publish","hentry"],"_links":{"self":[{"href":"https:\/\/meincello.de\/index.php?rest_route=\/wp\/v2\/pages\/77","targetHints":{"allow":["GET"]}}],"collection":[{"href":"https:\/\/meincello.de\/index.php?rest_route=\/wp\/v2\/pages"}],"about":[{"href":"https:\/\/meincello.de\/index.php?rest_route=\/wp\/v2\/types\/page"}],"author":[{"embeddable":true,"href":"https:\/\/meincello.de\/index.php?rest_route=\/wp\/v2\/users\/1"}],"replies":[{"embeddable":true,"href":"https:\/\/meincello.de\/index.php?rest_route=%2Fwp%2Fv2%2Fcomments&post=77"}],"version-history":[{"count":5,"href":"https:\/\/meincello.de\/index.php?rest_route=\/wp\/v2\/pages\/77\/revisions"}],"predecessor-version":[{"id":323,"href":"https:\/\/meincello.de\/index.php?rest_route=\/wp\/v2\/pages\/77\/revisions\/323"}],"wp:attachment":[{"href":"https:\/\/meincello.de\/index.php?rest_route=%2Fwp%2Fv2%2Fmedia&parent=77"}],"curies":[{"name":"wp","href":"https:\/\/api.w.org\/{rel}","templated":true}]}}