{"id":46,"date":"2014-05-28T19:05:32","date_gmt":"2014-05-28T19:05:32","guid":{"rendered":"http:\/\/meincello.de\/?page_id=46"},"modified":"2023-01-15T11:22:32","modified_gmt":"2023-01-15T11:22:32","slug":"fotos","status":"publish","type":"page","link":"https:\/\/meincello.de\/?page_id=46","title":{"rendered":"Fotos"},"content":{"rendered":"\n<p><\/p>\n\n\n\n<figure class=\"wp-block-gallery has-nested-images columns-default is-cropped wp-block-gallery-1 is-layout-flex wp-block-gallery-is-layout-flex\">\n<figure class=\"wp-block-image size-large\"><a href=\"https:\/\/meincello.de\/wp-content\/uploads\/2023\/01\/230114-neujahrsempfang.png\"><img loading=\"lazy\" decoding=\"async\" width=\"1024\" height=\"731\" data-id=\"341\" src=\"https:\/\/meincello.de\/wp-content\/uploads\/2023\/01\/230114-neujahrsempfang-1024x731.png\" alt=\"\" class=\"wp-image-341\" srcset=\"https:\/\/meincello.de\/wp-content\/uploads\/2023\/01\/230114-neujahrsempfang-1024x731.png 1024w, https:\/\/meincello.de\/wp-content\/uploads\/2023\/01\/230114-neujahrsempfang-300x214.png 300w, https:\/\/meincello.de\/wp-content\/uploads\/2023\/01\/230114-neujahrsempfang-768x548.png 768w, https:\/\/meincello.de\/wp-content\/uploads\/2023\/01\/230114-neujahrsempfang.png 1080w\" sizes=\"auto, (max-width: 1024px) 100vw, 1024px\" \/><\/a><\/figure>\n<\/figure>\n\n\n\n<figure class=\"wp-block-image\"><img loading=\"lazy\" decoding=\"async\" width=\"705\" height=\"1024\" src=\"https:\/\/meincello.de\/wp-content\/uploads\/2019\/03\/190327-kulturissimo-705x1024.jpg\" alt=\"\" class=\"wp-image-329\" srcset=\"https:\/\/meincello.de\/wp-content\/uploads\/2019\/03\/190327-kulturissimo-705x1024.jpg 705w, https:\/\/meincello.de\/wp-content\/uploads\/2019\/03\/190327-kulturissimo-207x300.jpg 207w, https:\/\/meincello.de\/wp-content\/uploads\/2019\/03\/190327-kulturissimo-768x1115.jpg 768w\" sizes=\"auto, (max-width: 705px) 100vw, 705px\" \/><\/figure>\n\n\n\n<p><\/p>\n\n\n\n<p><\/p>\n\n\n<p style=\"text-align: center;\"><a href=\"https:\/\/plus.google.com\/photos\/101671315537038664721\/albums\/6033334384570535137\">&nbsp;<em><strong>Fotogalerie<\/strong><\/em><\/a> &#8211; klassische Darstellung<\/p>\n<p style=\"text-align: center;\"><em><strong><a href=\"https:\/\/www.flickr.com\/photos\/125948309@N08\/\">Hier wird&#8217;s rund <\/a><\/strong><\/em><\/p>\n<p style=\"text-align: center;\">und hier mobiltelefongeeignet <strong>\u2193<\/strong><\/p>\n<p style=\"text-align: center;\"><strong>2019<\/strong><\/p>\n<p><\/p>\n<p style=\"text-align: center;\"><strong>2018<\/strong><\/p>\n<p style=\"text-align: center;\"><strong>7. Januar Neujahrskonzert Evangelisches Gemeindehaus Bad Soden<\/strong><\/p>\n<p><a href=\"https:\/\/meincello.de\/wp-content\/uploads\/2018\/01\/Oksana-Lena.jpg\"><img loading=\"lazy\" decoding=\"async\" class=\"size-medium wp-image-304 aligncenter\" src=\"https:\/\/meincello.de\/wp-content\/uploads\/2018\/01\/Oksana-Lena-300x225.jpg\" alt=\"\" width=\"300\" height=\"225\" srcset=\"https:\/\/meincello.de\/wp-content\/uploads\/2018\/01\/Oksana-Lena-300x225.jpg 300w, https:\/\/meincello.de\/wp-content\/uploads\/2018\/01\/Oksana-Lena-768x576.jpg 768w, https:\/\/meincello.de\/wp-content\/uploads\/2018\/01\/Oksana-Lena-1024x768.jpg 1024w, https:\/\/meincello.de\/wp-content\/uploads\/2018\/01\/Oksana-Lena.jpg 1984w\" sizes=\"auto, (max-width: 300px) 100vw, 300px\" \/><\/a><\/p>\n<p><a href=\"https:\/\/meincello.de\/wp-content\/uploads\/2018\/01\/180111-bsz-kritik-neujahrskonzert-1.jpg\"><img loading=\"lazy\" decoding=\"async\" class=\"size-medium wp-image-306 aligncenter\" src=\"https:\/\/meincello.de\/wp-content\/uploads\/2018\/01\/180111-bsz-kritik-neujahrskonzert-1-113x300.jpg\" alt=\"\" width=\"113\" height=\"300\" srcset=\"https:\/\/meincello.de\/wp-content\/uploads\/2018\/01\/180111-bsz-kritik-neujahrskonzert-1-113x300.jpg 113w, https:\/\/meincello.de\/wp-content\/uploads\/2018\/01\/180111-bsz-kritik-neujahrskonzert-1-768x2040.jpg 768w, https:\/\/meincello.de\/wp-content\/uploads\/2018\/01\/180111-bsz-kritik-neujahrskonzert-1-385x1024.jpg 385w\" sizes=\"auto, (max-width: 113px) 100vw, 113px\" \/><\/a><a href=\"https:\/\/meincello.de\/wp-content\/uploads\/2018\/01\/180111-bsz-kritik-neujahrskonzert-2.jpg\"><img loading=\"lazy\" decoding=\"async\" class=\"size-medium wp-image-307 aligncenter\" src=\"https:\/\/meincello.de\/wp-content\/uploads\/2018\/01\/180111-bsz-kritik-neujahrskonzert-2-112x300.jpg\" alt=\"\" width=\"112\" height=\"300\" srcset=\"https:\/\/meincello.de\/wp-content\/uploads\/2018\/01\/180111-bsz-kritik-neujahrskonzert-2-112x300.jpg 112w, https:\/\/meincello.de\/wp-content\/uploads\/2018\/01\/180111-bsz-kritik-neujahrskonzert-2-768x2065.jpg 768w, https:\/\/meincello.de\/wp-content\/uploads\/2018\/01\/180111-bsz-kritik-neujahrskonzert-2-381x1024.jpg 381w\" sizes=\"auto, (max-width: 112px) 100vw, 112px\" \/><\/a><\/p>\n<p style=\"text-align: center;\"><strong>2017<\/strong><\/p>\n<p><a href=\"https:\/\/meincello.de\/wp-content\/uploads\/2017\/10\/Kritik-20.9.17.jpg\"><img loading=\"lazy\" decoding=\"async\" class=\"size-medium wp-image-298 aligncenter\" src=\"https:\/\/meincello.de\/wp-content\/uploads\/2017\/10\/Kritik-20.9.17-300x295.jpg\" alt=\"\" width=\"300\" height=\"295\" srcset=\"https:\/\/meincello.de\/wp-content\/uploads\/2017\/10\/Kritik-20.9.17-300x295.jpg 300w, https:\/\/meincello.de\/wp-content\/uploads\/2017\/10\/Kritik-20.9.17-768x755.jpg 768w, https:\/\/meincello.de\/wp-content\/uploads\/2017\/10\/Kritik-20.9.17-1024x1007.jpg 1024w\" sizes=\"auto, (max-width: 300px) 100vw, 300px\" \/><\/a><\/p>\n<p style=\"text-align: center;\"><strong>Weihnachtsoratorium Ramada Bad Soden 2015<\/strong><\/p>\n<p style=\"text-align: center;\"><a href=\"https:\/\/meincello.de\/wp-content\/uploads\/2014\/05\/Boccherini-Bad-Soden-DEZ-2015.png\"><img loading=\"lazy\" decoding=\"async\" class=\"alignnone size-medium wp-image-268\" src=\"https:\/\/meincello.de\/wp-content\/uploads\/2014\/05\/Boccherini-Bad-Soden-DEZ-2015-300x202.png\" alt=\"Boccherini Bad Soden DEZ 2015\" width=\"300\" height=\"202\" srcset=\"https:\/\/meincello.de\/wp-content\/uploads\/2014\/05\/Boccherini-Bad-Soden-DEZ-2015-300x202.png 300w, https:\/\/meincello.de\/wp-content\/uploads\/2014\/05\/Boccherini-Bad-Soden-DEZ-2015-1024x690.png 1024w, https:\/\/meincello.de\/wp-content\/uploads\/2014\/05\/Boccherini-Bad-Soden-DEZ-2015.png 1128w\" sizes=\"auto, (max-width: 300px) 100vw, 300px\" \/><\/a><\/p>\n<p style=\"text-align: center;\"><strong>300 Jahre Evangelische Gemeinde Bad Soden<\/strong><\/p>\n<p style=\"text-align: center;\"><a href=\"https:\/\/meincello.de\/wp-content\/uploads\/2016\/12\/161208-300-Jahre-EvKirche.jpg\"><img loading=\"lazy\" decoding=\"async\" class=\"alignnone size-medium wp-image-288\" src=\"https:\/\/meincello.de\/wp-content\/uploads\/2016\/12\/161208-300-Jahre-EvKirche-300x225.jpg\" alt=\"161208-300-jahre-evkirche\" width=\"300\" height=\"225\" srcset=\"https:\/\/meincello.de\/wp-content\/uploads\/2016\/12\/161208-300-Jahre-EvKirche-300x225.jpg 300w, https:\/\/meincello.de\/wp-content\/uploads\/2016\/12\/161208-300-Jahre-EvKirche-768x576.jpg 768w, https:\/\/meincello.de\/wp-content\/uploads\/2016\/12\/161208-300-Jahre-EvKirche-1024x768.jpg 1024w, https:\/\/meincello.de\/wp-content\/uploads\/2016\/12\/161208-300-Jahre-EvKirche.jpg 1600w\" sizes=\"auto, (max-width: 300px) 100vw, 300px\" \/><\/a><\/p>\n<p style=\"text-align: center;\"><strong>Brahms Requiem mit der GDM Mai 2015<\/strong><\/p>\n<p style=\"text-align: center;\"><a href=\"https:\/\/meincello.de\/wp-content\/uploads\/2014\/05\/GDM-Requiem-Brahms-Juni-2015.jpg\"><img loading=\"lazy\" decoding=\"async\" class=\"alignnone size-medium wp-image-250\" src=\"https:\/\/meincello.de\/wp-content\/uploads\/2014\/05\/GDM-Requiem-Brahms-Juni-2015-300x225.jpg\" alt=\"GDM Requiem Brahms Juni 2015\" width=\"300\" height=\"225\" srcset=\"https:\/\/meincello.de\/wp-content\/uploads\/2014\/05\/GDM-Requiem-Brahms-Juni-2015-300x225.jpg 300w, https:\/\/meincello.de\/wp-content\/uploads\/2014\/05\/GDM-Requiem-Brahms-Juni-2015-1024x768.jpg 1024w\" sizes=\"auto, (max-width: 300px) 100vw, 300px\" \/><\/a><\/p>\n<p style=\"text-align: center;\"><strong>Im S\u00e4lchen<\/strong><\/p>\n<p style=\"text-align: center;\"><a href=\"https:\/\/meincello.de\/wp-content\/uploads\/2014\/05\/Im-S\u00e4\u00e4lchen.jpg\"><img loading=\"lazy\" decoding=\"async\" class=\"alignnone size-medium wp-image-242\" src=\"https:\/\/meincello.de\/wp-content\/uploads\/2014\/05\/Im-S\u00e4\u00e4lchen-234x300.jpg\" alt=\"Im S\u00e4\u00e4lchen\" width=\"234\" height=\"300\" srcset=\"https:\/\/meincello.de\/wp-content\/uploads\/2014\/05\/Im-S\u00e4\u00e4lchen-234x300.jpg 234w, https:\/\/meincello.de\/wp-content\/uploads\/2014\/05\/Im-S\u00e4\u00e4lchen-798x1024.jpg 798w, https:\/\/meincello.de\/wp-content\/uploads\/2014\/05\/Im-S\u00e4\u00e4lchen.jpg 1996w\" sizes=\"auto, (max-width: 234px) 100vw, 234px\" \/><\/a><\/p>\n<p style=\"text-align: center;\"><strong>Sch\u00fclerkonzert 6. Juli in der evangelischen Kirche Bad Soden 2014<\/strong><\/p>\n<p style=\"text-align: center;\"><a href=\"https:\/\/meincello.de\/wp-content\/uploads\/2014\/07\/Sch\u00fclerkonzert-50.jpg\"><img loading=\"lazy\" decoding=\"async\" class=\"alignnone size-medium wp-image-183\" src=\"https:\/\/meincello.de\/wp-content\/uploads\/2014\/07\/Sch\u00fclerkonzert-50-300x200.jpg\" alt=\"Sch\u00fclerkonzert 50\" width=\"300\" height=\"200\" srcset=\"https:\/\/meincello.de\/wp-content\/uploads\/2014\/07\/Sch\u00fclerkonzert-50-300x200.jpg 300w, https:\/\/meincello.de\/wp-content\/uploads\/2014\/07\/Sch\u00fclerkonzert-50-1024x682.jpg 1024w\" sizes=\"auto, (max-width: 300px) 100vw, 300px\" \/><\/a><\/p>\n<p style=\"text-align: center;\"><strong>Die Meinung der Sch\u00fcler<br><\/strong><\/p>\n<p style=\"text-align: center;\"><a href=\"https:\/\/meincello.de\/wp-content\/uploads\/2014\/12\/Spa\u00df.png\"><img loading=\"lazy\" decoding=\"async\" class=\"alignnone size-medium wp-image-233\" src=\"https:\/\/meincello.de\/wp-content\/uploads\/2014\/12\/Spa\u00df-267x300.png\" alt=\"Spa\u00df\" width=\"267\" height=\"300\" srcset=\"https:\/\/meincello.de\/wp-content\/uploads\/2014\/12\/Spa\u00df-267x300.png 267w, https:\/\/meincello.de\/wp-content\/uploads\/2014\/12\/Spa\u00df-913x1024.png 913w, https:\/\/meincello.de\/wp-content\/uploads\/2014\/12\/Spa\u00df.png 954w\" sizes=\"auto, (max-width: 267px) 100vw, 267px\" \/><\/a><\/p>\n<p style=\"text-align: center;\"><strong>&nbsp;Mit den ganz Kleinen<br><\/strong><\/p>\n<p style=\"text-align: center;\"><a href=\"https:\/\/meincello.de\/wp-content\/uploads\/2014\/07\/Lena-mit-Kindern-2.jpg\"><img loading=\"lazy\" decoding=\"async\" class=\"alignnone size-medium wp-image-188\" src=\"https:\/\/meincello.de\/wp-content\/uploads\/2014\/07\/Lena-mit-Kindern-2-199x300.jpg\" alt=\"Lena mit Kindern 2\" width=\"199\" height=\"300\" srcset=\"https:\/\/meincello.de\/wp-content\/uploads\/2014\/07\/Lena-mit-Kindern-2-199x300.jpg 199w, https:\/\/meincello.de\/wp-content\/uploads\/2014\/07\/Lena-mit-Kindern-2-682x1024.jpg 682w\" sizes=\"auto, (max-width: 199px) 100vw, 199px\" \/><\/a><\/p>\n<p style=\"text-align: center;\"><strong><a href=\"https:\/\/meincello.de\/wp-content\/uploads\/2014\/05\/Lena-mit-Kindern1.jpg\"><img loading=\"lazy\" decoding=\"async\" class=\"alignnone size-medium wp-image-195\" src=\"https:\/\/meincello.de\/wp-content\/uploads\/2014\/05\/Lena-mit-Kindern1.jpg\" alt=\"Lena mit Kindern\" width=\"1\" height=\"1\"><\/a>Dvorak-Konzert am 6. April in St. Katharina &#8211; Bad Soden 2014<\/strong><\/p>\n<p style=\"text-align: center;\"><a href=\"https:\/\/meincello.de\/wp-content\/uploads\/2014\/07\/lena-dvorak-rund.jpg\"><img loading=\"lazy\" decoding=\"async\" class=\"size-medium wp-image-173 aligncenter\" src=\"https:\/\/meincello.de\/wp-content\/uploads\/2014\/07\/lena-dvorak-rund-297x300.jpg\" alt=\"lena dvorak rund\" width=\"297\" height=\"300\" srcset=\"https:\/\/meincello.de\/wp-content\/uploads\/2014\/07\/lena-dvorak-rund-297x300.jpg 297w, https:\/\/meincello.de\/wp-content\/uploads\/2014\/07\/lena-dvorak-rund-1014x1024.jpg 1014w\" sizes=\"auto, (max-width: 297px) 100vw, 297px\" \/><\/a><\/p>\n<p style=\"text-align: center;\"><strong>Mit Franz Josef Staab &#8211; Chor- und Orchesterleiter der GDM<br><\/strong><\/p>\n<p style=\"text-align: center;\"><a href=\"https:\/\/meincello.de\/wp-content\/uploads\/2014\/07\/lena-staab.jpg\"><img loading=\"lazy\" decoding=\"async\" class=\"size-medium wp-image-180 aligncenter\" src=\"https:\/\/meincello.de\/wp-content\/uploads\/2014\/07\/lena-staab-300x282.jpg\" alt=\"lena staab\" width=\"300\" height=\"282\" srcset=\"https:\/\/meincello.de\/wp-content\/uploads\/2014\/07\/lena-staab-300x282.jpg 300w, https:\/\/meincello.de\/wp-content\/uploads\/2014\/07\/lena-staab-1024x964.jpg 1024w\" sizes=\"auto, (max-width: 300px) 100vw, 300px\" \/><\/a><strong>Fr\u00fchlingsbeginn<br><\/strong><\/p>\n<p style=\"text-align: center;\"><a href=\"https:\/\/meincello.de\/wp-content\/uploads\/2014\/07\/OVW-Weide-neu.png\"><img loading=\"lazy\" decoding=\"async\" class=\"size-medium wp-image-169 aligncenter\" src=\"https:\/\/meincello.de\/wp-content\/uploads\/2014\/07\/OVW-Weide-neu-173x300.png\" alt=\"OVW Weide neu\" width=\"173\" height=\"300\" srcset=\"https:\/\/meincello.de\/wp-content\/uploads\/2014\/07\/OVW-Weide-neu-173x300.png 173w, https:\/\/meincello.de\/wp-content\/uploads\/2014\/07\/OVW-Weide-neu.png 590w\" sizes=\"auto, (max-width: 173px) 100vw, 173px\" \/><\/a><\/p>\n<p style=\"text-align: center;\"><strong>Sch\u00fclerkonzert Musikschule Schwalbach Oktober 2014<\/strong><\/p>\n<p style=\"text-align: center;\"><a href=\"https:\/\/meincello.de\/wp-content\/uploads\/2014\/10\/141011-ovv-brainman-43-99.png\"><img loading=\"lazy\" decoding=\"async\" class=\"alignnone size-medium wp-image-218\" src=\"https:\/\/meincello.de\/wp-content\/uploads\/2014\/10\/141011-ovv-brainman-43-99-300x183.png\" alt=\"141011 ovv brainman 43 99\" width=\"300\" height=\"183\" srcset=\"https:\/\/meincello.de\/wp-content\/uploads\/2014\/10\/141011-ovv-brainman-43-99-300x183.png 300w, https:\/\/meincello.de\/wp-content\/uploads\/2014\/10\/141011-ovv-brainman-43-99-1024x624.png 1024w, https:\/\/meincello.de\/wp-content\/uploads\/2014\/10\/141011-ovv-brainman-43-99.png 1436w\" sizes=\"auto, (max-width: 300px) 100vw, 300px\" \/><\/a><\/p>\n<p style=\"text-align: center;\"><strong>Jupitersynfonie Mozart Bad Soden Ramada Oktober 2014<\/strong><\/p>\n<p style=\"text-align: center;\"><a href=\"https:\/\/meincello.de\/wp-content\/uploads\/2014\/05\/11-Jupitersynfonie-Bad-Soden-Ramada.jpg\"><img loading=\"lazy\" decoding=\"async\" class=\"alignnone size-medium wp-image-224\" src=\"https:\/\/meincello.de\/wp-content\/uploads\/2014\/05\/11-Jupitersynfonie-Bad-Soden-Ramada-300x174.jpg\" alt=\"11 Jupitersynfonie Bad Soden Ramada\" width=\"300\" height=\"174\" srcset=\"https:\/\/meincello.de\/wp-content\/uploads\/2014\/05\/11-Jupitersynfonie-Bad-Soden-Ramada-300x174.jpg 300w, https:\/\/meincello.de\/wp-content\/uploads\/2014\/05\/11-Jupitersynfonie-Bad-Soden-Ramada-1024x594.jpg 1024w\" sizes=\"auto, (max-width: 300px) 100vw, 300px\" \/><\/a><\/p>\n<p style=\"text-align: center;\"><strong>Pause bei La Traviata in Seoul 2005<\/strong><\/p>\n<p><a href=\"https:\/\/meincello.de\/wp-content\/uploads\/2014\/07\/lena-traviata-rund.jpg\"><img loading=\"lazy\" decoding=\"async\" class=\"size-medium wp-image-179 aligncenter\" src=\"https:\/\/meincello.de\/wp-content\/uploads\/2014\/07\/lena-traviata-rund-300x268.jpg\" alt=\"lena traviata rund\" width=\"300\" height=\"268\" srcset=\"https:\/\/meincello.de\/wp-content\/uploads\/2014\/07\/lena-traviata-rund-300x268.jpg 300w, https:\/\/meincello.de\/wp-content\/uploads\/2014\/07\/lena-traviata-rund-1024x917.jpg 1024w, https:\/\/meincello.de\/wp-content\/uploads\/2014\/07\/lena-traviata-rund.jpg 1086w\" sizes=\"auto, (max-width: 300px) 100vw, 300px\" \/><\/a><\/p>\n<p style=\"text-align: center;\"><strong>Mit Carlo Palleschi nach Turandot in Seoul 2005<\/strong><\/p>\n<p><a href=\"https:\/\/meincello.de\/wp-content\/uploads\/2014\/07\/turandot-rund.jpg\"><img loading=\"lazy\" decoding=\"async\" class=\"size-medium wp-image-177 aligncenter\" src=\"https:\/\/meincello.de\/wp-content\/uploads\/2014\/07\/turandot-rund-300x196.jpg\" alt=\"turandot rund\" width=\"300\" height=\"196\" srcset=\"https:\/\/meincello.de\/wp-content\/uploads\/2014\/07\/turandot-rund-300x196.jpg 300w, https:\/\/meincello.de\/wp-content\/uploads\/2014\/07\/turandot-rund-1024x670.jpg 1024w, https:\/\/meincello.de\/wp-content\/uploads\/2014\/07\/turandot-rund.jpg 1557w\" sizes=\"auto, (max-width: 300px) 100vw, 300px\" \/><\/a><\/p>\n<p style=\"text-align: center;\"><strong>Wieder auf der Wolga 2004<\/strong><\/p>\n<p style=\"text-align: center;\"><a href=\"https:\/\/meincello.de\/wp-content\/uploads\/2014\/07\/wolga2-rund.jpg\"><img loading=\"lazy\" decoding=\"async\" class=\"size-medium wp-image-174 aligncenter\" src=\"https:\/\/meincello.de\/wp-content\/uploads\/2014\/07\/wolga2-rund-300x196.jpg\" alt=\"wolga2 rund\" width=\"300\" height=\"196\" srcset=\"https:\/\/meincello.de\/wp-content\/uploads\/2014\/07\/wolga2-rund-300x196.jpg 300w, https:\/\/meincello.de\/wp-content\/uploads\/2014\/07\/wolga2-rund-1024x670.jpg 1024w, https:\/\/meincello.de\/wp-content\/uploads\/2014\/07\/wolga2-rund.jpg 1527w\" sizes=\"auto, (max-width: 300px) 100vw, 300px\" \/><\/a><\/p>\n<p style=\"text-align: center;\"><strong>Mit der Philharmonie Lviv\/Ukraine 2004<\/strong><\/p>\n<p><a href=\"https:\/\/meincello.de\/wp-content\/uploads\/2014\/07\/philharm-rund.jpg\"><img loading=\"lazy\" decoding=\"async\" class=\"size-medium wp-image-176 aligncenter\" src=\"https:\/\/meincello.de\/wp-content\/uploads\/2014\/07\/philharm-rund-300x214.jpg\" alt=\"philharm rund\" width=\"300\" height=\"214\" srcset=\"https:\/\/meincello.de\/wp-content\/uploads\/2014\/07\/philharm-rund-300x214.jpg 300w, https:\/\/meincello.de\/wp-content\/uploads\/2014\/07\/philharm-rund-1024x733.jpg 1024w\" sizes=\"auto, (max-width: 300px) 100vw, 300px\" \/><\/a><\/p>\n<p style=\"text-align: center;\"><strong>Im Opernhaus in Lviv 2001<\/strong><\/p>\n<p><a href=\"https:\/\/meincello.de\/wp-content\/uploads\/2014\/07\/opernhaus-rund.jpg\"><img loading=\"lazy\" decoding=\"async\" class=\"size-medium wp-image-178 aligncenter\" src=\"https:\/\/meincello.de\/wp-content\/uploads\/2014\/07\/opernhaus-rund-255x300.jpg\" alt=\"opernhaus rund\" width=\"255\" height=\"300\" srcset=\"https:\/\/meincello.de\/wp-content\/uploads\/2014\/07\/opernhaus-rund-255x300.jpg 255w, https:\/\/meincello.de\/wp-content\/uploads\/2014\/07\/opernhaus-rund-871x1024.jpg 871w, https:\/\/meincello.de\/wp-content\/uploads\/2014\/07\/opernhaus-rund.jpg 1120w\" sizes=\"auto, (max-width: 255px) 100vw, 255px\" \/><\/a><\/p>\n<p style=\"text-align: center;\"><strong>Auf der Wolga 2002<\/strong><\/p>\n<p><a href=\"https:\/\/meincello.de\/wp-content\/uploads\/2014\/07\/wolga-rund.jpg\"><img loading=\"lazy\" decoding=\"async\" class=\"size-medium wp-image-175 aligncenter\" src=\"https:\/\/meincello.de\/wp-content\/uploads\/2014\/07\/wolga-rund-300x211.jpg\" alt=\"wolga rund\" width=\"300\" height=\"211\" srcset=\"https:\/\/meincello.de\/wp-content\/uploads\/2014\/07\/wolga-rund-300x211.jpg 300w, https:\/\/meincello.de\/wp-content\/uploads\/2014\/07\/wolga-rund-1024x722.jpg 1024w, https:\/\/meincello.de\/wp-content\/uploads\/2014\/07\/wolga-rund.jpg 1764w\" sizes=\"auto, (max-width: 300px) 100vw, 300px\" \/><\/a><\/p>\n<p style=\"text-align: center;\"><strong>Mit Trembita in der Philharmonie Lviv &#8211; Ukraine<\/strong><\/p>\n<p><a href=\"https:\/\/meincello.de\/wp-content\/uploads\/2014\/07\/zeitung-rund70.jpg\"><img loading=\"lazy\" decoding=\"async\" class=\"size-medium wp-image-172 aligncenter\" src=\"https:\/\/meincello.de\/wp-content\/uploads\/2014\/07\/zeitung-rund70-300x286.jpg\" alt=\"zeitung rund70\" width=\"300\" height=\"286\" srcset=\"https:\/\/meincello.de\/wp-content\/uploads\/2014\/07\/zeitung-rund70-300x286.jpg 300w, https:\/\/meincello.de\/wp-content\/uploads\/2014\/07\/zeitung-rund70-1024x978.jpg 1024w, https:\/\/meincello.de\/wp-content\/uploads\/2014\/07\/zeitung-rund70.jpg 1706w\" sizes=\"auto, (max-width: 300px) 100vw, 300px\" \/><\/a><\/p>\n<p><strong>&nbsp;<\/strong><\/p>\n<p><strong>&nbsp;<\/strong><\/p>\n<p><strong>&nbsp;<\/strong><\/p>\n<p><strong>&nbsp;<\/strong><\/p>\n<p><strong>&nbsp;<\/strong><\/p>\n<p><strong>&nbsp;<\/strong><\/p>\n<p><strong>&nbsp;<\/strong><\/p>\n<p><strong>&nbsp;<\/strong><\/p>\n<p><strong>&nbsp;<\/strong><\/p>","protected":false},"excerpt":{"rendered":"<p>&nbsp;Fotogalerie &#8211; klassische Darstellung Hier wird&#8217;s rund und hier mobiltelefongeeignet \u2193 2019 2018 7. Januar Neujahrskonzert Evangelisches Gemeindehaus Bad Soden 2017 Weihnachtsoratorium Ramada Bad Soden 2015 300 Jahre Evangelische Gemeinde Bad Soden Brahms Requiem mit der GDM Mai 2015 Im S\u00e4lchen Sch\u00fclerkonzert 6. Juli in der evangelischen Kirche Bad Soden 2014 Die Meinung der Sch\u00fcler &hellip; <a href=\"https:\/\/meincello.de\/?page_id=46\" class=\"more-link\"><span class=\"screen-reader-text\">Fotos<\/span> weiterlesen <span class=\"meta-nav\">&rarr;<\/span><\/a><\/p>\n","protected":false},"author":1,"featured_media":0,"parent":0,"menu_order":0,"comment_status":"closed","ping_status":"open","template":"","meta":{"footnotes":""},"class_list":["post-46","page","type-page","status-publish","hentry"],"_links":{"self":[{"href":"https:\/\/meincello.de\/index.php?rest_route=\/wp\/v2\/pages\/46","targetHints":{"allow":["GET"]}}],"collection":[{"href":"https:\/\/meincello.de\/index.php?rest_route=\/wp\/v2\/pages"}],"about":[{"href":"https:\/\/meincello.de\/index.php?rest_route=\/wp\/v2\/types\/page"}],"author":[{"embeddable":true,"href":"https:\/\/meincello.de\/index.php?rest_route=\/wp\/v2\/users\/1"}],"replies":[{"embeddable":true,"href":"https:\/\/meincello.de\/index.php?rest_route=%2Fwp%2Fv2%2Fcomments&post=46"}],"version-history":[{"count":32,"href":"https:\/\/meincello.de\/index.php?rest_route=\/wp\/v2\/pages\/46\/revisions"}],"predecessor-version":[{"id":342,"href":"https:\/\/meincello.de\/index.php?rest_route=\/wp\/v2\/pages\/46\/revisions\/342"}],"wp:attachment":[{"href":"https:\/\/meincello.de\/index.php?rest_route=%2Fwp%2Fv2%2Fmedia&parent=46"}],"curies":[{"name":"wp","href":"https:\/\/api.w.org\/{rel}","templated":true}]}}